{"id":157,"date":"2019-02-10T07:52:56","date_gmt":"2019-02-10T07:52:56","guid":{"rendered":"http:\/\/localhost\/zabor_1\/?page_id=157"},"modified":"2020-10-12T08:36:26","modified_gmt":"2020-10-12T08:36:26","slug":"contacts-2","status":"publish","type":"page","link":"https:\/\/hartmann.dropit.fm\/index.php\/contacts-2\/","title":{"rendered":"Contacts"},"content":{"rendered":"[vc_row row_type=&#8221;featured-section&#8221; wr_section_id2=&#8221;sec1&#8243; wr_section_title=&#8221;Kontaktinformationen&#8221; wr_section_subtitle=&#8221;Hier erf\u00e4hrst du einiges mehr \u00fcber meine Person.&#8221; wr_section_number=&#8221;01.&#8221;][vc_column]<div class=\"sec-text  \" style=\"\">Mein Name ist Toni Hartmann.<br \/>\nDies ist die Homepage eines B\u00fcndner Hobbypiloten mit \u00fcber 10j\u00e4hriger Erfahrung im Kopterfliegen. In loser Folge publiziere ich auf dieser Seite Videos, Fotos, Blogs, Texte etc.<\/p>\n<p>Wenn Sie \u00fcber ein Projekt, unsere Arbeit oder etwas anderes sprechen m\u00f6chten, setzen Sie sich mit mir in Verbindung.<\/div><div class=\"sec-contact-info \"><div class=\"contact-details fl-wrap\"><ul><li><span>Mail : <\/span><a target=\"_blank\" href=\"mailto:office@tonihartmann.ch\">office@tonihartmann.ch<\/a><\/li><li><span>Address : <\/span><p><a href=\"#\">CH-7402 Bonaduz<\/a><\/p><\/li><li><span>Phone : <\/span><a href=\"tel:+41792094040\">+41792094040<\/a><\/li><\/ul><\/div><\/div><div class=\"sec-button  \" style=\"\"><a class=\"custom-scroll-link btn fl-btn\" href=\"#sec3\">Say Hello<\/a><\/div>[\/vc_column][\/vc_row][vc_row row_type=&#8221;featured-section&#8221; wr_section_id2=&#8221;sec2&#8243; wr_section_title=&#8221;Location&#8221; wr_section_subtitle=&#8221;Mein Wohnort Bonaduz ist eine Gemeinde im Kanton Graub\u00fcnden in der Schweiz. Sie liegt auf einem Plateau am Zusammenfluss von Vorder- und Hinterrhein und grenzt an die ber\u00fchmte Rheinschlucht Ruinaulta, dem \u201eGrand Canyon\u201c der Schweiz&#8230;&#8221; wr_section_number=&#8221;02.&#8221;][vc_column]<div class=\"map-container\">\n\t\t\t\t\t<div id=\"map-single\" class=\"map\" data-map-back=\"\/\/{s}.tiles.wmflabs.org\/bw-mapnik\/{z}\/{x}\/{y}.png\" data-latlog=\"[46.820975, 9.391984]\" data-popuptext=\"CH-7402 Bonaduz\"  data-popupicon=\"https:\/\/hartmann.dropit.fm\/wp-content\/uploads\/2019\/03\/mapmarker.png\"><\/div>\t\t\t\t\n\t\t\t\t<\/div><div class=\"sec-text  \" style=\"\">Das Plateau ist durch einen gewaltigen Bergsturz von ca. 12km3 entstanden, einem der weltweit gr\u00f6ssten Bergst\u00fcrze \u00fcberhaupt. \u00a0Meine Heimatgemeinde Vaz\/Obervaz liegt ebenfalls im Kanton Graub\u00fcnden und ist heute vor allem durch den Tourismusort Lenzerheide bekannt. Vaz\/Obervaz kann auf eine reputable Geschichte zur\u00fcckblicken. Die Freiherren von Vaz waren ein bedeutendes Dynastiegeschlecht im Hochmittelalter und war zweifellos eines der m\u00e4chtigsten Adelsgeschlechter im Alpenraum. Ihre L\u00e4ndereien reichten bis in den s\u00fcddeutschen Raum.<\/div>[\/vc_column][\/vc_row][vc_row row_type=&#8221;featured-section&#8221; wr_section_id2=&#8221;sec3&#8243; wr_section_title=&#8221;Kontaktiere mich&#8221; wr_section_subtitle=&#8221;Ich freue mich von Dir zu h\u00f6ren.&#8221; wr_section_number=&#8221;03.&#8221; wr_separator=&#8221;st2&#8243;][vc_column]<div class=\"sec-contact-form \"><div id=\"contact-form\" class=\"custom-form\"><div role=\"form\" class=\"wpcf7\" id=\"wpcf7-f8-o1\" lang=\"de-DE\" dir=\"ltr\">\n<div class=\"screen-reader-response\" role=\"alert\" aria-live=\"polite\"><\/div>\n<form action=\"\/index.php\/wp-json\/wp\/v2\/pages\/157#wpcf7-f8-o1\" method=\"post\" class=\"wpcf7-form init\" novalidate=\"novalidate\">\n<div style=\"display: none;\">\n<input type=\"hidden\" name=\"_wpcf7\" value=\"8\" \/>\n<input type=\"hidden\" name=\"_wpcf7_version\" value=\"5.2.2\" \/>\n<input type=\"hidden\" name=\"_wpcf7_locale\" value=\"de_DE\" \/>\n<input type=\"hidden\" name=\"_wpcf7_unit_tag\" value=\"wpcf7-f8-o1\" \/>\n<input type=\"hidden\" name=\"_wpcf7_container_post\" value=\"0\" \/>\n<input type=\"hidden\" name=\"_wpcf7_posted_data_hash\" value=\"\" \/>\n<\/div>\n<p><label> Dein Name (Pflichtfeld)<br \/>\n    <span class=\"wpcf7-form-control-wrap your-name\"><input type=\"text\" name=\"your-name\" value=\"\" size=\"40\" class=\"wpcf7-form-control wpcf7-text wpcf7-validates-as-required\" aria-required=\"true\" aria-invalid=\"false\" \/><\/span> <\/label><\/p>\n<p><label> Deine Email (Pflichtfeld)<br \/>\n    <span class=\"wpcf7-form-control-wrap your-email\"><input type=\"email\" name=\"your-email\" value=\"\" size=\"40\" class=\"wpcf7-form-control wpcf7-text wpcf7-email wpcf7-validates-as-required wpcf7-validates-as-email\" aria-required=\"true\" aria-invalid=\"false\" \/><\/span> <\/label><\/p>\n<p><label> Betreff<br \/>\n    <span class=\"wpcf7-form-control-wrap your-subject\"><input type=\"text\" name=\"your-subject\" value=\"\" size=\"40\" class=\"wpcf7-form-control wpcf7-text\" aria-invalid=\"false\" \/><\/span> <\/label><\/p>\n<p><label> Nachricht<br \/>\n    <span class=\"wpcf7-form-control-wrap your-message\"><textarea name=\"your-message\" cols=\"40\" rows=\"10\" class=\"wpcf7-form-control wpcf7-textarea\" aria-invalid=\"false\"><\/textarea><\/span> <\/label><\/p>\n<p><button class=\"btn float-btn flat-btn color-bg wpcf7-form-control wpcf7-submit\">Senden<\/button><\/p>\n<div class=\"wpcf7-response-output\" role=\"alert\" aria-hidden=\"true\"><\/div><\/form><\/div><\/div><\/div>[\/vc_column][\/vc_row]\n","protected":false},"excerpt":{"rendered":"<p>[vc_row row_type=&#8221;featured-section&#8221; wr_section_id2=&#8221;sec1&#8243; wr_section_title=&#8221;Kontaktinformationen&#8221; wr_section_subtitle=&#8221;Hier erf\u00e4hrst du einiges mehr \u00fcber meine Person.&#8221; wr_section_number=&#8221;01.&#8221;][vc_column][\/vc_column][\/vc_row][vc_row row_type=&#8221;featured-section&#8221; wr_section_id2=&#8221;sec2&#8243; wr_section_title=&#8221;Location&#8221; wr_section_subtitle=&#8221;Mein Wohnort Bonaduz ist eine Gemeinde im Kanton Graub\u00fcnden in der Schweiz. Sie liegt auf einem Plateau am Zusammenfluss von Vorder- und Hinterrhein und grenzt an die ber\u00fchmte Rheinschlucht Ruinaulta, dem \u201eGrand Canyon\u201c der Schweiz&#8230;&#8221; wr_section_number=&#8221;02.&#8221;][vc_column][\/vc_column][\/vc_row][vc_row row_type=&#8221;featured-section&#8221; wr_section_id2=&#8221;sec3&#8243; wr_section_title=&#8221;Kontaktiere [&hellip;]<\/p>\n","protected":false},"author":1,"featured_media":531,"parent":0,"menu_order":0,"comment_status":"closed","ping_status":"closed","template":"","meta":[],"_links":{"self":[{"href":"https:\/\/hartmann.dropit.fm\/index.php\/wp-json\/wp\/v2\/pages\/157"}],"collection":[{"href":"https:\/\/hartmann.dropit.fm\/index.php\/wp-json\/wp\/v2\/pages"}],"about":[{"href":"https:\/\/hartmann.dropit.fm\/index.php\/wp-json\/wp\/v2\/types\/page"}],"author":[{"embeddable":true,"href":"https:\/\/hartmann.dropit.fm\/index.php\/wp-json\/wp\/v2\/users\/1"}],"replies":[{"embeddable":true,"href":"https:\/\/hartmann.dropit.fm\/index.php\/wp-json\/wp\/v2\/comments?post=157"}],"version-history":[{"count":19,"href":"https:\/\/hartmann.dropit.fm\/index.php\/wp-json\/wp\/v2\/pages\/157\/revisions"}],"predecessor-version":[{"id":639,"href":"https:\/\/hartmann.dropit.fm\/index.php\/wp-json\/wp\/v2\/pages\/157\/revisions\/639"}],"wp:featuredmedia":[{"embeddable":true,"href":"https:\/\/hartmann.dropit.fm\/index.php\/wp-json\/wp\/v2\/media\/531"}],"wp:attachment":[{"href":"https:\/\/hartmann.dropit.fm\/index.php\/wp-json\/wp\/v2\/media?parent=157"}],"curies":[{"name":"wp","href":"https:\/\/api.w.org\/{rel}","templated":true}]}}