{"id":640,"date":"2020-10-05T14:17:05","date_gmt":"2020-10-05T14:17:05","guid":{"rendered":"https:\/\/hartmann.dropit.fm\/?page_id=640"},"modified":"2020-10-05T17:46:36","modified_gmt":"2020-10-05T17:46:36","slug":"impressum","status":"publish","type":"page","link":"https:\/\/hartmann.dropit.fm\/index.php\/impressum\/","title":{"rendered":"Impressum"},"content":{"rendered":"[vc_row][vc_column][vc_empty_space]<div class=\"sec-title  \" style=\"\"><div class=\"section-title fl-wrap\"><h3>Impressum - Datenschutz - Cookies<\/h3><\/div><\/div>[\/vc_column][\/vc_row][vc_row row_type=&#8221;main-section&#8221;][vc_column][vc_column_text]<strong>Impressum: <\/strong><\/p>\n<p>Die auf der Website von Toni Hartmann ver\u00f6ffentlichten Daten dienen dem Leser lediglich zur Information.<\/p>\n<p>Die den Unterlagen auf dieser Website zugrunde liegenden Quellen beurteilt Toni Hartmann zum Zeitpunkt der Erstellung und der Aktualisierung der Unterlagen als zuverl\u00e4ssig. Trotz gr\u00f6sstm\u00f6glicher Sorgfalt garantiert oder best\u00e4tigt Toni Hartmann weder die Richtigkeit noch die Genauigkeit der Daten. Toni Hartmann \u00fcbernimmt keine Garantie betreffend Richtigkeit, Aktualit\u00e4t und Vollst\u00e4ndigkeit der auf der Website von Toni Hartmann ver\u00f6ffentlichten Informationen. Diese Website kann Links zu anderen Websites enthalten. Toni Hartmann hat den Inhalt dieser Websites nicht \u00fcberpr\u00fcft. Der Einstieg in eine Website \u00fcber diese Links geschieht von jedem Besucher auf eigenes Risiko. Keine Garantie bzw. Verantwortung \u00fcbernimmt Toni Hartmann f\u00fcr Fehler, fehlerhafte Funktionen, Viren oder sonstigen sch\u00e4dlichen Bestandteilen auf der Website von Toni Hartmann bzw. auf diejenigen zu Kooperationspartnern bzw. Fremdberichten. S\u00e4mtliche Informationen, Links und andere Darstellungen k\u00f6nnen jederzeit und ohne vorherige Ank\u00fcndigung ge\u00e4ndert werden.<\/p>\n<p><strong>Toni Hartmann lehnt jegliche Haftung (einschliesslich Fahrl\u00e4ssigkeit und Haftung gegen\u00fcber Drittpersonen) f\u00fcr einen tats\u00e4chlichen oder m\u00f6glichen Schaden ab, der in irgendeiner Form aufgrund dieser Website entstanden ist oder behauptet wird.<\/strong><\/p>\n<p>Sofern nichts anderes erw\u00e4hnt wird, ist Toni Hartmann der alleinige Eigent\u00fcmer und Anspruchsberechtigter an s\u00e4mtlichen Einzelteilen dieser Website. Die vollst\u00e4ndige oder teilweise Reproduktion, \u00c4nderung, Verwendung oder Weiterverbreitung s\u00e4mtlicher Inhalte, Fotos, Grafiken, Strukturen und Informationen ist nicht gestattet.<\/p>\n<p>Die Benutzung von E-Mail ist freiwillig. Dabei gilt es zu beachten, dass die \u00dcbermittlung von E-Mails ungesch\u00fctzt \u00fcber \u00f6ffentliche globale, unkontrollierte Netze erfolgt und von Dritten abgefangen, gelesen und abge\u00e4ndert werden kann.<\/p>\n<p>Sollte durch die Benutzung der Webseite von Toni Hartmann ein Rechtsverh\u00e4ltnis zwischen dem Benutzer und Toni Hartmann entstehen, untersteht dieses dem\u00a0<strong>Schweizerischen Recht.<\/strong><\/p>\n<p><strong>Datenschutz<\/strong><\/p>\n<p>Datenschutzerkl\u00e4rung f\u00fcr die Toni Hartmann Website<\/p>\n<p>Diese Erkl\u00e4rung gibt Aufschluss dar\u00fcber, welche Informationen und Daten durch Toni Hartmann im Rahmen der Website erhoben und ausgewertet, wof\u00fcr diese Informationen verwendet und mit wem sie ausgetauscht werden. Beim Umgang mit Ihren Daten h\u00e4lt sich Toni Hartmann an die geltende Gesetzgebung \u2013 insbesondere an das schweizerische Datenschutzrecht.<\/p>\n<p><strong>Personendaten<\/strong><\/p>\n<p>Als Personendaten gelten Angaben, die sich auf eine bestimmte oder bestimmbare nat\u00fcrliche oder juristische Person beziehen (z.B. Name, Telefonnummer, E-Mail-Adresse). Informationen, die sich nicht einer oder mehreren Personen zuordnen lassen, fallen hingegen nicht darunter.<\/p>\n<p>Beim Besuch und bei der Nutzung der Website werden grunds\u00e4tzlich keine Personendaten erhoben und gespeichert. Dies geschieht lediglich dort, wo es f\u00fcr die Ausf\u00fchrung von angebotenen Dienstleistungen, f\u00fcr Bestellungen oder bei der Teilnahme an Gewinnspielen, Umfragen und dergleichen notwendig ist, wenn Sie via Kontaktformular an uns herantreten oder unseren Newsletter bestellen. Sie werden nur um Angaben gebeten, die f\u00fcr die jeweilige Situation relevant sind. Den Erhalt des Newsletters k\u00f6nnen Sie jederzeit mit Wirkung f\u00fcr die Zukunft abbestellen. Dazu bitten wir Sie die Abmeldung an\u00a0<a href=\"mailto:sekretariat@hartmann-bau.ch\">Toni<\/a>Hartmann\u00a0zu richten.<\/p>\n<p>Mit der Angabe Ihrer Personendaten erkl\u00e4ren Sie sich damit einverstanden, dass Toni Hartmann diese Daten sammeln und f\u00fcr interne Marketingzwecke auswerten sowie f\u00fcr eine sp\u00e4tere Kontaktaufnahme (insbesondere via E-Mail) zur Information \u00fcber Produkte, Dienstleistungen und Neuigkeiten verwenden kann. Dadurch k\u00f6nnen Sie pers\u00f6nlich relevante Informationen und Angebote erhalten.<\/p>\n<p>Ihre Personendaten k\u00f6nnen zur optimalen Abwicklung der Gesch\u00e4ftsprozesse an Partnerunternehmen weitergegeben werden, welche Ihre Daten einsehen k\u00f6nnen und entsprechend dem Auftrag bearbeiten. Toni Hartmann stellt dabei sicher, dass diese Unternehmen dem Datenschutz in gleicher Weise verpflichtet sind und nur solche Daten erhalten, die f\u00fcr die Auftragserf\u00fcllung notwendig sind. Wir versichern Ihnen, dass eine sonstige Weitergabe, \u00dcbermittlung oder Verkauf Ihrer Personendaten an Dritte nicht erfolgt, es sei denn, dies sei zur Abwicklung eines Vertrages, welchen Sie mit Toni Hartmann abgeschlossen haben, erforderlich oder Sie haben ausdr\u00fccklich eingewilligt. Vorbehalten bleibt die Offenlegung der Daten aufgrund gesetzlicher Verpflichtung (bspw. infolge unrechtm\u00e4ssiger Aktivit\u00e4ten).<\/p>\n<p>Die Toni Hartmann Website enth\u00e4lt Links zu Angeboten dritter Anbieter. Obwohl bei der Auswahl dieser Anbieter auf h\u00f6chste Qualit\u00e4t geachtet wird, hat Toni Hartmann keinen Einfluss darauf, wie diese Anbieter mit den auf ihren eigenen Websites gesammelten pers\u00f6nlichen Daten umgehen. Toni Hartmann ist deshalb nicht verantwortlich f\u00fcr die Einhaltung der Datenschutzbestimmungen durch die auf dieser Website eingebundenen Drittanbieter.<\/p>\n<p><strong>Unpers\u00f6nliche Daten<\/strong><\/p>\n<p>Bei der Benutzung der Website werden bestimmte unpers\u00f6nliche Informationen automatisch erfasst und in Protokolldateien gespeichert. Zu diesen Informationen geh\u00f6ren Internet-Protokolladressen (IP-Adressen), Browser-Typ, Internet-Service-Provider (ISP), die zuletzt besuchte Seite, Datum und Uhrzeit sowie Clickstream-Daten. Wir verwenden diese Informationen, welche keine R\u00fcckschl\u00fcsse auf einzelne Personen zulassen, zur Optimierung unserer Website, um Trends zu analysieren und unsere Angebote zu verbessern. Toni Hartmann verwendet diese Informationen nicht, um zu Verkaufs- oder Werbezwecken direkt an die betroffenen Personen heranzutreten. Insbesondere werden diese Daten nicht mit Personendaten verkn\u00fcpft.<\/p>\n<p><strong>Cookies und andere Technologien<\/strong><\/p>\n<p>Toni Hartmann verwendet sogenannte Cookies (kleine Textdateien, die vom Web-Server an Ihren Browser gesendet und in Ihrem Computer gespeichert werden) und vergleichbare Technologien, um die Angebote bestm\u00f6glich auf Ihre Bed\u00fcrfnisse auszurichten und einen besseren Eindruck darin zu erhalten, welche Bereiche dieser Website besonders beliebt sind und wie sich unsere Besucher auf der Website bewegen. F\u00fcr unsere Webstatistik und um unser Online-Angebot kontinuierlich zu optimieren, verwenden wir auch Web-Analysetools (z.B. Google Analytics), welche uns eine Auswertung der Website-Nutzung durch Sie erm\u00f6glichen. Die Daten \u00fcber die Benutzung der Website werden an einen Server des betreffenden Toolanbieters \u00fcbertragen und dort gespeichert. Dieser Server kann sich auch ausserhalb der Schweiz befinden. Eine \u00dcbertragung dieser Informationen durch den Toolanbieter an Dritte findet nicht statt.<\/p>\n<p>Die meisten Browser sind so eingestellt, dass sie Cookies automatisch akzeptieren. Sie k\u00f6nnen Ihren Browser aber auch so einstellen, dass Cookies generell abgelehnt werden. Allenfalls k\u00f6nnen dadurch aber bestimmte Funktionen dieser Website nicht vollumf\u00e4nglich genutzt werden.<\/p>\n<p><strong>Datensicherheit<\/strong><\/p>\n<p>Toni Hartmann ist bem\u00fcht, durch technische und organisatorische Vorkehrungen s\u00e4mtliche Daten von unbefugtem Zugriff, Missbrauch oder Verlust zu sch\u00fctzen. Toni Hartmann betreibt sichere Datennetze, die den jeweils geltenden technischen Standards entsprechen.<\/p>\n<p><strong>Auskunftsrecht<\/strong><\/p>\n<p>Jede Person, \u00fcber die Personendaten erhoben werden, hat das Recht, dar\u00fcber Auskunft zu verlangen, welche Daten \u00fcber sie bearbeitet werden. Sie k\u00f6nnen somit jederzeit verlangen, dass die erhobenen Daten (vorbeh\u00e4ltlich gesetzlicher Aufbewahrungspflichten) in der Datenbank berichtigt oder gel\u00f6scht werden.<\/p>\n<p><strong>Zustimmung und \u00c4nderungen der Datenschutzerkl\u00e4rung<\/strong><\/p>\n<p>Als Nutzer der Toni Hartmann Website stimmen Sie zu, dass Ihre Daten gem\u00e4ss den obigen Ausf\u00fchrungen von Toni Hartmann erhoben und gespeichert und zu den genannten Zwecken verwendet werden d\u00fcrfen.<\/p>\n<p>Toni Hartmann beh\u00e4lt sich vor, diese Datenschutzbestimmungen jeweils den neuen oder sich \u00e4ndernden Bed\u00fcrfnissen anzupassen. Die Datenschutzgrunds\u00e4tze werden dabei der Entwicklung des Datenschutzes und der Sicherheitstechnik kontinuierlich angepasst. Es gilt jeweils die aktuelle, auf dieser Website ver\u00f6ffentlichte Datenschutzerkl\u00e4rung.[\/vc_column_text][\/vc_column][\/vc_row][vc_row][vc_column][vc_empty_space][\/vc_column][\/vc_row]\n","protected":false},"excerpt":{"rendered":"<p>[vc_row][vc_column][vc_empty_space][\/vc_column][\/vc_row][vc_row row_type=&#8221;main-section&#8221;][vc_column][vc_column_text]Impressum: Die auf der Website von Toni Hartmann ver\u00f6ffentlichten Daten dienen dem Leser lediglich zur Information. Die den Unterlagen auf dieser Website zugrunde liegenden Quellen beurteilt Toni Hartmann zum Zeitpunkt der Erstellung und der Aktualisierung der Unterlagen als zuverl\u00e4ssig. Trotz gr\u00f6sstm\u00f6glicher Sorgfalt garantiert oder best\u00e4tigt Toni Hartmann weder die Richtigkeit noch die Genauigkeit der [&hellip;]<\/p>\n","protected":false},"author":1,"featured_media":646,"parent":0,"menu_order":0,"comment_status":"closed","ping_status":"closed","template":"","meta":[],"_links":{"self":[{"href":"https:\/\/hartmann.dropit.fm\/index.php\/wp-json\/wp\/v2\/pages\/640"}],"collection":[{"href":"https:\/\/hartmann.dropit.fm\/index.php\/wp-json\/wp\/v2\/pages"}],"about":[{"href":"https:\/\/hartmann.dropit.fm\/index.php\/wp-json\/wp\/v2\/types\/page"}],"author":[{"embeddable":true,"href":"https:\/\/hartmann.dropit.fm\/index.php\/wp-json\/wp\/v2\/users\/1"}],"replies":[{"embeddable":true,"href":"https:\/\/hartmann.dropit.fm\/index.php\/wp-json\/wp\/v2\/comments?post=640"}],"version-history":[{"count":8,"href":"https:\/\/hartmann.dropit.fm\/index.php\/wp-json\/wp\/v2\/pages\/640\/revisions"}],"predecessor-version":[{"id":649,"href":"https:\/\/hartmann.dropit.fm\/index.php\/wp-json\/wp\/v2\/pages\/640\/revisions\/649"}],"wp:featuredmedia":[{"embeddable":true,"href":"https:\/\/hartmann.dropit.fm\/index.php\/wp-json\/wp\/v2\/media\/646"}],"wp:attachment":[{"href":"https:\/\/hartmann.dropit.fm\/index.php\/wp-json\/wp\/v2\/media?parent=640"}],"curies":[{"name":"wp","href":"https:\/\/api.w.org\/{rel}","templated":true}]}}